{"id":9,"date":"2014-05-23T10:04:21","date_gmt":"2014-05-23T09:04:21","guid":{"rendered":"http:\/\/www.zeezichtmontage.nl\/?page_id=9"},"modified":"2026-04-14T13:14:14","modified_gmt":"2026-04-14T12:14:14","slug":"actueel","status":"publish","type":"page","link":"https:\/\/www.zeezichtmontage.nl\/?page_id=9","title":{"rendered":"ACTUEEL"},"content":{"rendered":"\n<p style=\"text-align: center;\"><em><strong>&#8216;REBELDOGS&#8217;<\/strong><\/em><\/p>\n<p style=\"text-align: center;\">2026.\n&#8216;REBELDOGS&#8217; merges blockchain and cinema, creating the first movie tied to crypto dogs while supporting global dog shelters. With a 2025 release, it combines innovation, philanthropy, and storytelling, engaging a growing international community of film lovers and crypto enthusiasts.\nRegie: Morgan Gr\u00fcnefeld.\nProduktie Dirk Oerlemans, 90. minuten.<\/p>\n<p style=\"text-align: center;\"><em><strong>&#8216;XAVIERA, DE LUST EN HET LEVEN&#8217;<\/strong><\/em><\/p>\n<p style=\"text-align: center;\">uitzending 21 augustus, 22.10u., npo2.\nXaviera Hollander blikt terug op een leven vol controverse en bewondering. Als kind zat ze met haar moeder gevangen in de Japanse interneringskampen. Na de oorlog volgde ze in Amsterdam een secretaresseopleiding en vertrok daarna naar New York, waar ze dit vakgebied verruilde voor het leven van luxe callgirl. Niet lang daarna opende ze haar eigen bordeel.\nZe werd wereldwijd bekend met haar boek \u2018The Happy Hooker\u2019, waarmee ze voorgoed het gesprek over seks, sekswerk en seksualiteit veranderde. Nu, in de laatste fase van haar leven, blikt ze openhartig terug op haar tijd als escortdame, hoerenmadam en Happy Hooker.\nRegie: Barbara Makkinga\nOmroep: BNNVARA<\/p>\n<p style=\"text-align: center;\"><em><strong>&#8216;VERGEEF ONS ONZE SCHULDEN&#8217;<\/strong><\/em><\/p>\n<p style=\"text-align: center;\">uitzending 2025.\nIn de Bosnische stad Mostar, waar de sporen van oorlogsverwoestingen nog steeds zichtbaar zijn, probeert een groep mensen door naar elkaar te luisteren een andere destructieve kracht tegen te werken: hun gokverslaving. Een film over geloof, hoop en kracht van samenzijn.\nVergeef ons onze Schulden maakt deel uit van een documentaireserie over de Tien Geboden, gemaakt door DOXY Films en EOdocs.\nRegie Joris Postema. 55. minuten.<\/p>\n<p style=\"text-align: center;\"><em><strong>&#8216;DE EARRING &amp; IK&#8217;<\/strong><\/em><\/p>\n<p style=\"text-align: center;\">Op 1 januari, NPO2, om 20.30u.\nIn De Earring &amp; ik brengen fans een muzikale ode aan de afscheid nemende oude rockers en vertellen over hun persoonlijke connectie met de band. Bijna duizend (muzikale) fans van Golden Earring speelden eendrachtig \u2018Twilight Zone\u2019, \u2018Radar Love\u2019, \u2018Back Home\u2019 en \u2018Buddy Joe\u2019. En het klonk imponerend, in die grote zaal. Documentairemaker Joris Postema nam dit concert als uitgangspunt en liet een aantal fans aan het woord over hun persoonlijke connectie met de band. Dit leidde tot een mooie, bij vlagen ontroerende docu waarin fans openhartig vertellen over aangrijpende gebeurtenissen in hun leven waarbij de muziek van hun geliefde band als (een soort van) soundtrack fungeerde.\nProductie: DOXYFIXY, regie Joris Postema. 55. minuten.<\/p>\n<p style=\"text-align: center;\"><em><strong>&#8216;FOREVER STRONG&#8217;<\/strong><\/em><\/p>\n<p style=\"text-align: center;\">Een documentaire over het bewogen leven van Xaviera Hollander en de erfenis die zij achterlaat.\nProductie Witfilm voor BNNVARA. Uitzending 2025.\n55 minuten. Regie Barbara Makkinga.<\/p>\n<p style=\"text-align: center;\"><em><strong>&#8216;VOGELS KUN JE NIET MELKEN&#8217;<\/strong><\/em><\/p>\n<p style=\"text-align: center;\">Boer Bote de Boer uit Tjerkwerd S\u00fadwest-Frysl\u00e2n kijkt reikhalzend uit naar de komst van de grutto. In heel Friesland laat deze weidevogel zich nauwelijks nog zien, maar bij hem blijft hij komen, in groten getale zelfs. Ook dit jaar is alles gereed voor zijn komst. Het grondwater staat hoog, de plasdrassen zijn aangelegd. En het ouderwetse weidegras zit bomvol kruiden en insecten, precies zoals de grutto\u2019s het graag hebben.\nAstrid, Bote\u2019s vrouw, gunt haar man zijn vogels. Als ze met zijn twee\u00ebn waren, mocht hij van haar zijn gang gaan. Maar ze zijn niet met zijn twee\u00ebn, ze hebben vijf kinderen. De oudste zonen willen de boerderij graag in de toekomst overnemen. Maar dan moet er nog wel steeds een boerderij om over te nemen zijn.<\/p>\n<p style=\"text-align: center;\">Op gruttosafari door S\u00fadwest-Frysl\u00e2n: een openhartig en intiem inkijkje in het leven van boer Bote uit Tjerkwerd | \u2605\u2605\u2605\u2605\u2606\nProductie: Witfilm, regie Barbara Makkinga. 96&#8242; minuten, uitbreng begin 2024.\nDe documentaire heeft inmiddels 10.000 bezoekers getrokken.<\/p>\n<p style=\"text-align: center;\"><em><strong>&#8216;VERGEEF ONS ONZE SCHULDEN&#8217;<\/strong><\/em><\/p>\n<p style=\"text-align: center;\">Wat moet er gebeuren voordat de mens de verantwoordelijkheid bij zichzelf zoekt, in plaats van bij een hogere macht?\nLogline\nEen verhaal over een groep mensen uit de Bosnische stad Mostar, die na een verschrikkelijke oorlog en een destructieve gokverslaving zo diep in de put zijn geraakt, dat ze ondanks al hun onderlinge verschillen weer opnieuw naar elkaar leren luisteren en echte aandacht hebben voor elkaar. Daardoor zou het zomaar kunnen dat juist deze maatschappelijke verschoppelingen, in een stad waar de bevolking een tot op het bot verscheurd en uitzichtloos bestaan leidt, een sprankje hoop hebben gevonden als uitzicht op een beter bestaan.<\/p>\n<p style=\"text-align: center;\">Productie: Doxy, regie Sergej Kreso, 50&#8242; minuten, uitzending 2025.<\/p>\n<p style=\"text-align: center;\"><em><strong>IDFA 2022: &#8216;A WAY TO B&#8217;<\/strong><\/em><\/p>\n<p style=\"text-align: center;\">Lichamelijk (en enkele verstandelijk) gehandicapten maken deel uit van het Catalaanse \u2018integrated dance\u2019-gezelschap La Troca. Zij verbinden hun individuele verhalen en gevecht met het lot in choreografie\u00ebn en performances. Een \u2018dansdocumentaire\u2018 over het wonder van de mens.<\/p>\n<p style=\"text-align: center;\">Physically (and some mentally) disabled people are part of the Catalan integrated- dance company La Troca. They connect their individual stories and combat their destiny in choreographies and performances. A \u2018dance documentary\u2019 about the miracle of humans.<\/p>\n<p style=\"text-align: center;\">regie Clara Van Gool &amp;amp; Jos de Putter. EOdocs. Productie: Doxy Film. 92 minuten. Premiere IDFA 2022.<\/p>\n<p style=\"text-align: center;\"><em><strong>UNITED WE STAND<\/strong><\/em><\/p>\n<p style=\"text-align: center;\">Dat kunst en politiek geen gescheiden werelden zijn, werd duidelijk toen Poetin aankondigde de soevereine staat Oekra\u00efne van de kaart te willen vegen en ook het bestaan van een eigen Oekra\u00efense cultuur ontkende. Oekra\u00efners moeten (weer) Russisch spreken en onderdeel worden van de Russische cultuur, met inzet van grof geweld.<\/p>\n<p style=\"text-align: center;\">Maya Fridman, de Russische celliste die in Amsterdam woont, heeft zich vanaf 24 februari jl. vrijwel non-stop ingezet voor de ondersteuning van het Oekra\u00efense volk. Met Oekra\u00efense \u00e9n Russische musici, onder wie de Russische meesterpianist Evgeny Kissin, percussionist Konstantyn Napolov en de wereldberoemde Letse cellist Mischa Maisky, verzorgde Fridman intussen een hele reeks benefietconcerten.<\/p>\n<p style=\"text-align: center;\">Documentaire-regisseur David van Tijn volgt Maja Fridman en haar musici vanaf het begin van de oorlog in Oekra\u00efne. Van Tijn filmde de voorbereidingen, de repetities en de concerten, en interviewde een aantal van de musici. \u201cDeze oorlog is in de eerste plaats gericht tegen onze cultuur, onze geschiedenis, onze identiteit, ons bestaansrecht\u2019, zegt Konstantyn Napolov. \u201cPoetin wil het Oekra\u00efense volk uit de geschiedenis wissen.\u201d<\/p>\n<p style=\"text-align: center;\">regie David van Tijn, 70 minuten, bioscooprelease 8 december.<\/p>\n<p style=\"text-align: center;\"><em><strong>GEVANGEN IN EEN TEKENING<\/strong><\/em><\/p>\n<p style=\"text-align: center;\">Politiek cartoonist Ruben Oppenheimer heeft met zijn harde tekeningen al tegen vele zere benen geschopt. De vrijheid van meningsuiting gaat hem boven alles. Ook de terreuraanslag op Charlie Hebdo heeft hem geen toontje lager laten zingen, eerder het omgekeerde. Beknotting van de vrijheid maakt hem woest. Hij slaat met zijn tekeningen terug, maar ook zoals in de film te zien is in de rechtszaal tegen mensen die hem met de dood bedreigen. In debat gaat hij ook met Abdelkader Benali over zijn uitspraken en de 4 mei rel. Maar hij vraagt zich ook wel of hij kan blijven tekenen voor de vrijheid van meningsuiting, ook als dat ten koste gaat van zijn persoonlijke vrijheid.&lt;\/p&gt;<\/p>\n<p style=\"text-align: center;\">2DOC, Uur van de wolf, regie Carin Goeijers. Productie: Interakt. Uitzending begin 2023.<\/p>\n<p style=\"text-align: center;\"><em><strong>Tegenwind &#8211; Het Verdriet van de Veenkoloni\u00ebn<\/strong><\/em>\nlaat zien hoe een wereldwijde energietransitie uitpakt in een lokale gemeenschap. De komst van een mega-windturbinepark in Groningen en Drenthe speelt mensen uit elkaar, waar ze eerder in harmonie samenleefden. De turbines, meer dan tweehonderd meter hoog, veroorzaken een tragedie. Wat wordt gewonnen en wat gaat verloren als het oude land zijn gezicht verliest en de bevolking zich verraden voelt? Tegenwind volgt een strijd die ludiek begint, maar grimmig en hard eindigt in ondergronds verzet. Twee woordvoerders worden opgepakt. E\u00e9n van hen zit maanden vast in voorarrest. Het laat diepe sporen na in de gemeenschap: hoe burgers hun vertrouwen verliezen in de overheid en naar &#8216;de buitenkanten van het denken&#8217; worden gedreven als ze zich niet gehoord en gezien voelen.<\/p>\n<p style=\"text-align: center;\">Productie: HUMAN, regie Kees Vlaanderen, 55 minuten.<\/p>\n<p style=\"text-align: center;\">Water: levensbehoefte nummer \u00e9\u00e9n, maar ook al eeuwenlang onze grootste vijand. Het staat te hoog of te laag. Het ene moment hebben we teveel, maar een andere keer te weinig. In de vierdelige documentaireserie &#8216;Waterman&#8217; onderzoekt presentator Menno Bentveld onze wonderlijke verhouding tot water. Hij volgt de loop van het water in Nederland en belandt in een wereld van botsende belangen en tegenstrijdige inzichten. Menno\u00a0spreekt onderweg met mensen die op een bijzondere manier van water afhankelijk zijn. Boeren, natuurbeheerders, schippers, boswachters, campinghouders, vissers, overheden, waterschappen, bierbrouwers, drinkwaterbedrijven, de industrie en de consument.\u00a0Dit persoonlijke vierluik van Menno Bentveld en regisseur Geertjan Lassche neemt de kijker mee in een wereld vol uitersten, die ieders blik op het water voorgoed zal veranderen.\u00a0<strong>&#8216;Waterman&#8217;<\/strong>\u00a0is vanaf\u00a0<strong>11 april<\/strong>\u00a0vier weken lang op\u00a0<strong>zondag<\/strong>\u00a0om\u00a0<strong>20.25 uur<\/strong>\u00a0te zien bij\u00a0<strong>BNNVARA<\/strong>\u00a0op\u00a0<strong>NPO 2<\/strong>.<\/p>\n<p style=\"text-align: center;\">Menno: &#8216;Wat voor de \u00e9\u00e9n te droog of te zout is, is voor de ander te nat of te zoet. In &#8216;Waterman&#8217; ontdekken we dat het eeuwenoude motto van pompen of verzuipen al lang niet meer opgaat voor de Nederlandse delta. Het water vasthouden is inmiddels noodzakelijk, maar erg ingewikkeld. Nederland-Waterland blijkt een complexe wereld van schipperen, waarbij iedereen zijn eigen belang vooropstelt. Ieder vecht om dezelfde druppel.&#8217;<\/p>\n<p style=\"text-align: center;\"><span style=\"font-family: arial, helvetica, sans-serif; font-size: 12px;\"><strong><em>HET LEVEN GAAT NIET ALTIJD OVER TULPEN<\/em><\/strong><\/span><\/p>\n<p style=\"text-align: center;\">Dit is het portret van een West-Friese familie die een tulpenbedrijf runt: de familie Schouten in Andijk. Het is een succesvolle onderneming. Het gezin, bestaand uit vader, moeder, twee zonen en twee dochters, barst van de plannen en ambities. Dat werpt zijn vruchten af. Ook op het gebied van sport: de jongste dochter Irene en de oudste zoon Simon gelden als grote schaatstalenten. Irene heeft op de Olympische Spelen al een medaille binnengesleept, en van Simon wordt verwacht dat hij de Elfstedentocht zal winnen. Mits die ooit nog gehouden wordt natuurlijk.\nDus het gaat in dit gezin zeker niet alleen maar over tulpen. Wel over hard werken. En over hard trainen. En over moeder. Het gaat heel veel over moeder. Anderhalf jaar geleden kreeg zij een hersenbloeding. De dokters gaven geen cent voor haar herstel.\nMaar de Schoutens zouden de Schoutens niet zijn als ze het hierbij lieten zitten. Met zijn allen zorgen ze voor de vrouw die ooit voor hun allemaal zorgde. Elke vorm van vooruitgang wordt gevierd als een overwinning. Het leven gaat niet altijd over tulpen gaat over mantelzorg, ondernemerschap en schaatsen. En over tulpen natuurlijk. Nederlandser kan bijna niet.<\/p>\n<p style=\"text-align: center;\">Een film van Barbara Makkinga. Teledoc 90&#8242; min.\nProductie: De Familie Film en TV, in coproductie met\u00a0IKONdocs.<\/p>\n<p style=\"text-align: center;\"><span style=\"font-family: arial, helvetica, sans-serif; font-size: 12px;\"><strong><em>SIDIK EN DE PANTER<\/em><\/strong><\/span>\nOchtend, berglandschap mistflarden. Een man loopt door de bergen. Hij onderzoekt minutieus de sporen van dieren, hij kijkt naar de bloemen, naar de grond, ruikt aan het water uit de rivier en voelt de bomen. Sidik\u2019s tuurt door zijn verrekijker en ziet een berggeit die bevalt van een kalfje. Hij gaat zitten, haalt een notitieblok uit zijn zak en begint te schrijven. \u00a0En nu wachten op de panter\u2026<\/p>\n<p style=\"text-align: center;\">een film van Reber Dosky. productie: Jos de Putter \/ Dieptescherpte voor HUMAN. 82 min.,\nuitbreng \/ uitzending najaar 2019.<\/p>\n<p style=\"text-align: center;\"><span style=\"font-family: arial, helvetica, sans-serif; font-size: 12px;\"><strong><em>DE JONGENS VAN DE BOUW<\/em><\/strong><\/span>\nNa een economische crisis met ontslagen en faillissementen gaat de bouwsector weer als een raket.\nPolitici, projectontwikkelaars, bouwbestuurders heffen dagelijks het glas op ambitieuze nieuwe projecten.\nZoals in \u2018booming city\u2019 Rotterdam waar hoge woontorens uit de grond worden gestampt,\ndoor bouwgigant Heijmans bijvoorbeeld, aan de Bananenstraat, in de wijk Katendrecht.\nMaar wie zijn de mannen die het \u2018echte\u2019 werk doen?\nFilmmaker Geertjan Lassche volgt de bouw van een woontoren aan de Bananenstraat,\nvanaf de eerste paal in de grond tot de oplevering aan 350 huurders.<\/p>\n<p style=\"text-align: center;\">\n88 min., BNNVARA, uitbreng \/ uitzending najaar 2019.<\/p>\n<p style=\"text-align: center;\">THE BEAST IN THE JUNGLE verbeeldt, even fysiek als po\u00ebtisch en zich uitstrekkend van de 19e eeuw tot nu, het raadselachtige en epische liefdesverhaal van John Marcher en May Bartram.\nHun onconventionele liefdesverhaal is een duet over een man die wordt geobsedeerd door een voorgevoel dat hem iets groots, misschien zelfs verpletterends zal overkomen en een vrouw die besluit met hem daarop te wachten.\nNaar de novelle van Henry James.<\/p>\n<p style=\"text-align: center;\">regie: Clara van Gool\nProductie: Keyfilm \/ Amour Fou Luxembourg.<\/p>\n<p style=\"text-align: center;\">Melkveehouder Johan voert dagelijks een gevecht om zijn boerenbedrijf overeind te houden.\u00a0De melkrobots functioneren niet goed en kwalijke \u2018energetische krachten\u2019 lijken over het erf te heersen. Zoals zovelen in onze samenleving zoekt Johan daarom zijn heil bij alternatieven, de new-age wereld: de man met de wichelroede en \u2018de energie manager\u2019 die nog w\u00e9l oog heeft voor de concrete problemen waar hij op zijn erf mee worstelt.<\/p>\n<p style=\"text-align: center;\">\nTeledoc 90 min.\nProduktie: Keydocs; IKON &amp; NCRV (CoBO, Filmfonds, NPO).\nRegie: Vuk Janic. Premiere op het NFF 2017, TV-uitzending 4 juni NPO2, 20.25u.<\/p>\n<p style=\"text-align: center;\"><span style=\"font-family: arial, helvetica, sans-serif; font-size: 12px;\"><strong><em>ONZE MANIER VAN LEVEN<\/em><\/strong><\/span><\/p>\n<p style=\"text-align: center;\">Premiere en uitzending in het najaar van 2017.\nDocumentaire over twee dissidente, uit hun partij gezette Kamerleden Tunuhan Kuzu en Selcuk \u00d6zt\u00fcrk. Zij proberen een tolerante beweging op te richten, gericht op bevolkingsgroepen die zich cultureel uitgesloten voelen, om zo bij de verkiezingen op eigen kracht herkozen te worden.<\/p>\n<p style=\"text-align: center;\">Premiere \/ uitzending najaar 2017.\nEen productie van Conijn Films \/ IKON. Regie: Jack Janssen. 90 min.<\/p>\n<p style=\"text-align: center;\"><span style=\"font-family: arial, helvetica, sans-serif; font-size: 12px;\"><strong><em>BURMA STORYBOOK<\/em><\/strong><\/span><\/p>\n<p style=\"text-align: center;\">Wereldpremi\u00e8re IFFR, 2017. (co-montage)\nNa jaren van isolatie is po\u00ebzie is nog steeds immens populair in Birma\/Myanmar. Dichtkunst was voor de Birmezen een steun om de zware jaren van militaire dictatuur te overleven. Met de recente opkomst van het internet kent het land zelfs meer online dichters dan bloggers.\nBurma Storybook is een adembenemende reis door een wonderlijk land waar de tijd heeft stilgestaan.<\/p>\n<p style=\"text-align: center;\">Nederland\/Noorwegen, 2017, 81 minuten\nRegie Petr Lom\nEditing Petr Lom, Dorith Vinken, Stefan Kamp\nCoproducent IKONdocs, JAB Films Norway\nProducent Corinne van Egeraat, ZINdoc<\/p>\n<p style=\"text-align: center;\"><span style=\"font-family: arial, helvetica, sans-serif; font-size: 12px;\"><strong><em>DEMARRAGE<\/em><\/strong><\/span><\/p>\n<p style=\"text-align: center;\">Een fietsvriendengroep, 8 mannen in de leeftijd van 65 tot 80, en hun strijd tegen het naderende einde van hun leven. Hun maatschappelijke rol mag dan uitgespeeld zijn, dat betekent niet dat het \u2018grote niets doen\u2019 is ingetreden in hun leven. De \u2018lycramannen\u2019 proberen vast te houden aan een leven dat bijna voorbij is. Met jeugdig elan springen zij wekelijks meerdere keren op de fiets en maken lange tochten, terwijl de ouderdomssignalen zich steeds duidelijker laten zien.\nDemarrage is een \u2018coming of the \u2013last- age\u2019-film.<\/p>\n<p style=\"text-align: center;\">Productie KVFilms, in coproductie met OMROEP BRABANT en KRO-NCRV\nRegie: Arno Kranenborg, 58 minuten.<\/p>\n<p style=\"text-align: center;\"><span style=\"font-family: arial, helvetica, sans-serif; font-size: 12px;\"><strong><em>PRIX EUROPE<\/em><\/strong><\/span><\/p>\n<p style=\"text-align: center;\">&#8221; Het uiterste middel &#8211; vreemdelingen in detentie&#8221; is genomineerd voor de PRIX EUROPA 2016, in de categorie TV IRIS\nRegie Kees Vlaanderen, productie Selfmade Films voor HUMAN.<\/p>\n<p style=\"text-align: center;\"><span style=\"font-family: arial, helvetica, sans-serif; font-size: 12px;\"><strong><em>HET LAATSTE JAAR VAN FC TWENTE<\/em><\/strong><\/span><\/p>\n<p style=\"text-align: center;\">De VARA-documentaire \u2018Het Laatste Jaar van FC Twente\u2019 verbeeldt het grootste drama van voetbalseizoen 2015-2016. Door de ogen van de supporter wordt de kijker deelgenoot van hoe het voelt voor de Tukkers dat hun FC Twente de paria van het land wordt. Bekende fan Erik Dijkstra (Bureau Sport, DWDD) is hoofdpersonage in deze film die de kijker als een rollercoaster zal ervaren.<\/p>\n<p style=\"text-align: center;\">Produktie: BNN\/VARA.\nRegie: Geertjan Lassche.\nPremiere 6 september, uitzending 13 september 2016.\n90 min.<\/p>\n<p style=\"text-align: center;\"><span style=\"font-family: arial, helvetica, sans-serif; font-size: 12px;\"><strong><em>HET MYSTERIE VAN DE MELKROBOTS<\/em><\/strong><\/span><\/p>\n<p style=\"text-align: center;\">Melkveehouder Johan voert dagelijks een gevecht om zijn boerenbedrijf overeind te houden. De melkrobots functioneren niet goed en kwalijke \u2018energetische krachten\u2019 lijken over het erf te heersen. Zoals zovelen in onze samenleving zoekt Johan daarom zijn heil bij alternatieven, de new-age wereld: de man met de wichelroede en \u2018de energie manager\u2019 die nog w\u00e9l oog heeft voor de concrete problemen waar hij op zijn erf mee worstelt.<\/p>\n<p style=\"text-align: center;\">Teledoc 90 min.\nProduktie: Keydocs; IKON &amp; NCRV (CoBO, Filmfonds, NPO).\nRegie: Vuk Janic.<\/p>\n<p style=\"text-align: center;\"><span style=\"font-family: arial, helvetica, sans-serif; font-size: 12px;\"><strong><em>INSIDE THE CHINESE CLOSET<\/em><\/strong><\/span><\/p>\n<p style=\"text-align: center;\">Met de documentaire Inside the Chinese Closet vertelt de jonge Italiaanse regisseuse Sophia Luvara het gecompliceerde verhaal van Andy en Cherry die op zoek zijn naar liefde en geluk in het levendige Shanghai. Beiden zijn ze homoseksueel, maar hun families eisen van hen een (heteroseksueel) huwelijk \u00e9n een kind. Single en kinderloos blijven zou namelijk een onacceptabel gezichtsverlies betekenen voor hun families.<\/p>\n<p style=\"text-align: center;\">Productie Witfilm voor de NTR | 80 min., regie Sophia Luvara.<\/p>\n<p style=\"text-align: center;\"><span style=\"font-family: arial, helvetica, sans-serif; font-size: 12px;\"><strong><em>VREEMDELINGENBEWARING<\/em><\/strong><\/span>\nVoor de documentaire \u2018Vreemdelingenbewaring\u2019 (werktitel) filmt regisseur Kees Vlaanderen een aantal maanden in het detentiecentrum Rotterdam waar vreemdelingen op het punt staan om onder dwang het land te worden uitgezet. Vreemdelingendetentie was in Nederland tot nu toe een no-go area voor filmers, maar Kees Vlaanderen kreeg toestemming om maandenlang aanwezig te zijn. Het resultaat is een soms hard en rauw beeld van het dagelijks leven in het detentiecentrum van zowel ingeslotenen als toezichthouders.<\/p>\n<p style=\"text-align: center;\">Productie Selfmade Films\u00a0 in coproductie met de Human. 55\u2032 MIN., uitzending november 2015.<\/p>\n<p style=\"text-align: center;\"><span style=\"font-family: arial, helvetica, sans-serif; font-size: 12px;\"><strong><em>ACCESS TO AFRICA<\/em><\/strong><\/span><\/p>\n<p style=\"text-align: center;\">Het internet is de elektriciteit van de 21ste eeuw en de drang van de technologie-giganten om alles en iedereen aan te sluiten is letterlijk grenzeloos. Not even the sky is the limit. Zo wil Google met luchtballonnen 10 km boven het aardoppervlak een schil om de planeet vormen, die uiteindelijk de hele wereld naadloos, breedband internet brengt. Afrika is nu nog het continent met de meeste &#8220;white spots\u201d (plekken zonder internet of mobiele telefoon aansluiting), maar daarom ook de grootste belofte. Hoe wordt het Afrikaanse continent veroverd door Google en Facebook?<\/p>\n<p style=\"text-align: center;\">Uitzending 19 april, VPRO Tegenlicht.\nRegie: Bregtje van der Haak.<\/p>\n<p style=\"text-align: center;\"><span style=\"font-family: arial, helvetica, sans-serif; font-size: 12px;\"><strong><em>HEMELBESTORMERS \/ IDFA 2014<\/em><\/strong><\/span><\/p>\n<p style=\"text-align: center;\">&#8220;Iedereen wil naar de hemel, maar niemand wil dood&#8221;<\/p>\n<p style=\"text-align: center;\">April 2014 vertrekt een Nederlandse expeditie naar de Himalaya om de Cho Oyu, de op 5 na hoogste berg ter wereld, te beklimmen. Bij eerdere expedities naar deze berg (2009 en 2011) vonden twee Nederlanders de dood. De Cho Oyu ligt naast de Mount Everest waar afgelopen voorjaar nog 14 sherpa\u2019s (berggidsen) zijn verongelukt.\nOnderzoeksjournalist en documentairemaker <strong>Geertjan Lassche<\/strong> volgt de Nederlandse expeditie op de voet, ging mee omhoog en vroeg zich af wat de \u2018hemelbestormers\u2019 ten diepste drijft.<\/p>\n<p style=\"text-align: center;\">release november 2014 tijdens IDFA, Nederlandse competitie. (nominatie Best Dutch Documentary)\nuitzending 26 december 2014, VRT in de loop van 2015.\nlengte 112 minuten, TV 90&#8242;.\nproductie EO \/ NPO \/ 3Doc\n<\/p>\n<p style=\"text-align: center;\"><\/p>\n<p style=\"text-align: center;\"><\/p>\n","protected":false},"excerpt":{"rendered":"<p>&#8216;REBELDOGS&#8217; 2026. &#8216;REBELDOGS&#8217; merges blockchain and cinema, creating the first movie tied to crypto dogs while supporting global dog shelters. With a 2025 release, it combines innovation, philanthropy, and storytelling, engaging a growing international community of film lovers and crypto enthusiasts. Regie: Morgan Gr\u00fcnefeld. Produktie Dirk Oerlemans, 90. minuten. &#8216;XAVIERA, DE LUST EN HET LEVEN&#8217; [&hellip;]<\/p>\n","protected":false},"author":1,"featured_media":0,"parent":0,"menu_order":0,"comment_status":"closed","ping_status":"closed","template":"","meta":{"saved_in_kubio":true,"footnotes":""},"class_list":["post-9","page","type-page","status-publish","hentry"],"kubio_ai_page_context":{"short_desc":"","purpose":"general"},"_links":{"self":[{"href":"https:\/\/www.zeezichtmontage.nl\/index.php?rest_route=\/wp\/v2\/pages\/9"}],"collection":[{"href":"https:\/\/www.zeezichtmontage.nl\/index.php?rest_route=\/wp\/v2\/pages"}],"about":[{"href":"https:\/\/www.zeezichtmontage.nl\/index.php?rest_route=\/wp\/v2\/types\/page"}],"author":[{"embeddable":true,"href":"https:\/\/www.zeezichtmontage.nl\/index.php?rest_route=\/wp\/v2\/users\/1"}],"replies":[{"embeddable":true,"href":"https:\/\/www.zeezichtmontage.nl\/index.php?rest_route=%2Fwp%2Fv2%2Fcomments&post=9"}],"version-history":[{"count":82,"href":"https:\/\/www.zeezichtmontage.nl\/index.php?rest_route=\/wp\/v2\/pages\/9\/revisions"}],"predecessor-version":[{"id":1510,"href":"https:\/\/www.zeezichtmontage.nl\/index.php?rest_route=\/wp\/v2\/pages\/9\/revisions\/1510"}],"wp:attachment":[{"href":"https:\/\/www.zeezichtmontage.nl\/index.php?rest_route=%2Fwp%2Fv2%2Fmedia&parent=9"}],"curies":[{"name":"wp","href":"https:\/\/api.w.org\/{rel}","templated":true}]}}